{"id":2,"date":"2023-02-27T10:38:21","date_gmt":"2023-02-27T10:38:21","guid":{"rendered":"http:\/\/anabolaandrogenasteroider.com\/?page_id=2"},"modified":"2023-02-27T18:36:25","modified_gmt":"2023-02-27T18:36:25","slug":"sample-page","status":"publish","type":"page","link":"https:\/\/anabolaandrogenasteroider.com\/","title":{"rendered":"Testosterone egenskaper"},"content":{"rendered":"\n<p>Testosteron <a href=\"https:\/\/anabolasteroider.net\/shop\/testosterone\/testosterone-cypionate-2000mg\/\">cypionate<\/a> \u00e4r en syntetisk version av det naturligt producerade hormonet testosteron. Detta hormon \u00e4r ansvarigt f\u00f6r m\u00e5nga olika fysiska och mentala egenskaper hos m\u00e4n. Det fr\u00e4mjar sexlust, fettf\u00f6rlust, hj\u00e4lper till att f\u00e5 och bibeh\u00e5lla muskelmassa, \u00f6kar bent\u00e4theten och kan till och med skydda mot hj\u00e4rtsjukdomar. Oavsett om det \u00e4r naturligt producerat eller genom syntetisk anv\u00e4ndning av testosteron s\u00e5 f\u00f6r\u00e4ndras inte dessa egenskaper. I alla andra steroider \u00e4r det faktiskt testosteronmolekylen som har f\u00f6r\u00e4ndrats f\u00f6r att f\u00f6r\u00e4ndra hormonets egenskaper. Testosteron har ett v\u00e4rde p\u00e5 100 n\u00e4r man m\u00e4ter testosteronets anabola och androgena struktur och detta v\u00e4rde anv\u00e4nds f\u00f6r att m\u00e4ta och j\u00e4mf\u00f6ra mot \u00f6vriga steroider. Detta g\u00f6r testosteron till &#8221;fadern&#8221; av alla anabola steroider som anv\u00e4nds av idrottare idag. Det b\u00f6r noteras att alla varianter av testosteron har samma anabola\/androgena v\u00e4rde.<\/p>\n\n\n\n<h2>Testosteron ger storlek och styrka<\/h2>\n\n\n\n<p>Testosteron \u00e4r ett mycket anabolt och androgent hormon vilket g\u00f6r det till en bra steroid att anv\u00e4nda om man \u00e4r p\u00e5 jakt efter mer storlek och styrka. Testosteron fr\u00e4mjar kv\u00e4veretention i muskeln och ju mer kv\u00e4ve musklerna h\u00e5ller desto mer protein lagrar musklerna. <a href=\"https:\/\/anabolasteroider.net\/shop\/testosterone\/testosterone-cypionate-2000mg\/\" target=\"_blank\" rel=\"noreferrer noopener\">Testosteron kan ocks\u00e5 \u00f6ka niv\u00e5erna av ett annat anabolt hormon<\/a>, IGF-1 i muskelv\u00e4vnad, vilket ger \u00e4nnu mer anabol aktivitet. Testosteron har ocks\u00e5 den fantastiska f\u00f6rm\u00e5gan att \u00f6ka aktiviteten hos satellitceller. Dessa celler spelar en aktiv roll f\u00f6r att reparera skadade muskler. Testosteron binder ocks\u00e5 till androgena receptorerna f\u00f6r att fr\u00e4mja androgenreceptorberoende mekanismer som bidrar till \u00f6kad muskelmassa och \u00f6kad fettf\u00f6rlust.<\/p>\n\n\n\n<h3>Enorma styrke\u00f6kningar <\/h3>\n\n\n\n<p>M\u00e5nga idrottare visar enorma styrke\u00f6kningar n\u00e4r de anv\u00e4nder testosteron eftersom hormonet f\u00f6rb\u00e4ttrar muskelkontraktionen genom att \u00f6ka antalet motoriska neutroner i muskler och f\u00f6rb\u00e4ttrar neuromuskul\u00e4r transmission. Det fr\u00e4mjar ocks\u00e5 glykogensyntesen och ger mer br\u00e4nsle f\u00f6r intensiva tr\u00e4ningspass och \u00f6kar d\u00e4rmed uth\u00e5lligheten och styrkan.<\/p>\n\n\n\n<h3>ATP fylls p\u00e5 i snabbare takt<\/h3>\n\n\n\n<p><a href=\"https:\/\/anabolasteroider.net\/shop\/testosterone\/testosterone-cypionate-2000mg\/\">Testosteron<\/a> kommer ocks\u00e5 att spela en avg\u00f6rande roll kring kreatin. Kreatin \u00e4r v\u00e4sentligt f\u00f6r adenosintrifosfat (ATP) som \u00e4r energik\u00e4llan f\u00f6r v\u00e5ra muskler och n\u00e4r musklerna stimuleras bryts ATP ner till adenosindifosfat (ADP) och det \u00e4r detta som frig\u00f6r energi. Tyv\u00e4rr \u00e4r processen ofta f\u00f6r l\u00e5ngsam under anstr\u00e4ngande aktivitet men genom att tills\u00e4tta testosteron tillgodoses detta krav d\u00e5 ATP fylls p\u00e5 i en mycket snabbare takt.<\/p>\n","protected":false},"excerpt":{"rendered":"<p>Testosteron cypionate \u00e4r en syntetisk version av det naturligt producerade hormonet testosteron. Detta hormon \u00e4r ansvarigt f\u00f6r m\u00e5nga olika fysiska och mentala [&hellip;]<\/p>\n","protected":false},"author":2,"featured_media":9,"parent":0,"menu_order":0,"comment_status":"closed","ping_status":"open","template":"","meta":[],"yoast_head":"<!-- This site is optimized with the Yoast SEO plugin v20.1 - https:\/\/yoast.com\/wordpress\/plugins\/seo\/ -->\n<title>Testosterone egenskaper - anabolaandrogenasteroider.com<\/title>\n<meta name=\"description\" content=\"Testosteron \u00e4r ett mycket anabolt och androgent hormon vilket g\u00f6r det till en bra steroid att anv\u00e4nda om man vill ha mer storlek och styrka.\" \/>\n<meta name=\"robots\" content=\"index, follow, max-snippet:-1, max-image-preview:large, max-video-preview:-1\" \/>\n<link rel=\"canonical\" href=\"https:\/\/anabolaandrogenasteroider.com\/\" \/>\n<meta property=\"og:locale\" content=\"sv_SE\" \/>\n<meta property=\"og:type\" content=\"article\" \/>\n<meta property=\"og:title\" content=\"Testosterone egenskaper - anabolaandrogenasteroider.com\" \/>\n<meta property=\"og:description\" content=\"Testosteron \u00e4r ett mycket anabolt och androgent hormon vilket g\u00f6r det till en bra steroid att anv\u00e4nda om man vill ha mer storlek och styrka.\" \/>\n<meta property=\"og:url\" content=\"https:\/\/anabolaandrogenasteroider.com\/\" \/>\n<meta property=\"og:site_name\" content=\"anabolaandrogenasteroider.com\" \/>\n<meta property=\"article:modified_time\" content=\"2023-02-27T18:36:25+00:00\" \/>\n<meta property=\"og:image\" content=\"http:\/\/anabolaandrogenasteroider.com\/wp-content\/uploads\/2023\/02\/testosteron_cypionate-_annons.jpg\" \/>\n\t<meta property=\"og:image:width\" content=\"800\" \/>\n\t<meta property=\"og:image:height\" content=\"800\" \/>\n\t<meta property=\"og:image:type\" content=\"image\/jpeg\" \/>\n<meta name=\"twitter:card\" content=\"summary_large_image\" \/>\n<meta name=\"twitter:label1\" content=\"Ber\u00e4knad l\u00e4stid\" \/>\n\t<meta name=\"twitter:data1\" content=\"2 minuter\" \/>\n<script type=\"application\/ld+json\" class=\"yoast-schema-graph\">{\"@context\":\"https:\/\/schema.org\",\"@graph\":[{\"@type\":\"WebPage\",\"@id\":\"https:\/\/anabolaandrogenasteroider.com\/\",\"url\":\"https:\/\/anabolaandrogenasteroider.com\/\",\"name\":\"Testosterone egenskaper - anabolaandrogenasteroider.com\",\"isPartOf\":{\"@id\":\"https:\/\/anabolaandrogenasteroider.com\/#website\"},\"datePublished\":\"2023-02-27T10:38:21+00:00\",\"dateModified\":\"2023-02-27T18:36:25+00:00\",\"description\":\"Testosteron \u00e4r ett mycket anabolt och androgent hormon vilket g\u00f6r det till en bra steroid att anv\u00e4nda om man vill ha mer storlek och styrka.\",\"breadcrumb\":{\"@id\":\"https:\/\/anabolaandrogenasteroider.com\/#breadcrumb\"},\"inLanguage\":\"sv-SE\",\"potentialAction\":[{\"@type\":\"ReadAction\",\"target\":[\"https:\/\/anabolaandrogenasteroider.com\/\"]}]},{\"@type\":\"BreadcrumbList\",\"@id\":\"https:\/\/anabolaandrogenasteroider.com\/#breadcrumb\",\"itemListElement\":[{\"@type\":\"ListItem\",\"position\":1,\"name\":\"Hem\",\"item\":\"https:\/\/anabolaandrogenasteroider.com\/\"},{\"@type\":\"ListItem\",\"position\":2,\"name\":\"Testosterone egenskaper\"}]},{\"@type\":\"WebSite\",\"@id\":\"https:\/\/anabolaandrogenasteroider.com\/#website\",\"url\":\"https:\/\/anabolaandrogenasteroider.com\/\",\"name\":\"anabolaandrogenasteroider.com\",\"description\":\"\",\"potentialAction\":[{\"@type\":\"SearchAction\",\"target\":{\"@type\":\"EntryPoint\",\"urlTemplate\":\"https:\/\/anabolaandrogenasteroider.com\/?s={search_term_string}\"},\"query-input\":\"required name=search_term_string\"}],\"inLanguage\":\"sv-SE\"}]}<\/script>\n<!-- \/ Yoast SEO plugin. -->","yoast_head_json":{"title":"Testosterone egenskaper - anabolaandrogenasteroider.com","description":"Testosteron \u00e4r ett mycket anabolt och androgent hormon vilket g\u00f6r det till en bra steroid att anv\u00e4nda om man vill ha mer storlek och styrka.","robots":{"index":"index","follow":"follow","max-snippet":"max-snippet:-1","max-image-preview":"max-image-preview:large","max-video-preview":"max-video-preview:-1"},"canonical":"https:\/\/anabolaandrogenasteroider.com\/","og_locale":"sv_SE","og_type":"article","og_title":"Testosterone egenskaper - anabolaandrogenasteroider.com","og_description":"Testosteron \u00e4r ett mycket anabolt och androgent hormon vilket g\u00f6r det till en bra steroid att anv\u00e4nda om man vill ha mer storlek och styrka.","og_url":"https:\/\/anabolaandrogenasteroider.com\/","og_site_name":"anabolaandrogenasteroider.com","article_modified_time":"2023-02-27T18:36:25+00:00","og_image":[{"width":800,"height":800,"url":"http:\/\/anabolaandrogenasteroider.com\/wp-content\/uploads\/2023\/02\/testosteron_cypionate-_annons.jpg","type":"image\/jpeg"}],"twitter_card":"summary_large_image","twitter_misc":{"Ber\u00e4knad l\u00e4stid":"2 minuter"},"schema":{"@context":"https:\/\/schema.org","@graph":[{"@type":"WebPage","@id":"https:\/\/anabolaandrogenasteroider.com\/","url":"https:\/\/anabolaandrogenasteroider.com\/","name":"Testosterone egenskaper - anabolaandrogenasteroider.com","isPartOf":{"@id":"https:\/\/anabolaandrogenasteroider.com\/#website"},"datePublished":"2023-02-27T10:38:21+00:00","dateModified":"2023-02-27T18:36:25+00:00","description":"Testosteron \u00e4r ett mycket anabolt och androgent hormon vilket g\u00f6r det till en bra steroid att anv\u00e4nda om man vill ha mer storlek och styrka.","breadcrumb":{"@id":"https:\/\/anabolaandrogenasteroider.com\/#breadcrumb"},"inLanguage":"sv-SE","potentialAction":[{"@type":"ReadAction","target":["https:\/\/anabolaandrogenasteroider.com\/"]}]},{"@type":"BreadcrumbList","@id":"https:\/\/anabolaandrogenasteroider.com\/#breadcrumb","itemListElement":[{"@type":"ListItem","position":1,"name":"Hem","item":"https:\/\/anabolaandrogenasteroider.com\/"},{"@type":"ListItem","position":2,"name":"Testosterone egenskaper"}]},{"@type":"WebSite","@id":"https:\/\/anabolaandrogenasteroider.com\/#website","url":"https:\/\/anabolaandrogenasteroider.com\/","name":"anabolaandrogenasteroider.com","description":"","potentialAction":[{"@type":"SearchAction","target":{"@type":"EntryPoint","urlTemplate":"https:\/\/anabolaandrogenasteroider.com\/?s={search_term_string}"},"query-input":"required name=search_term_string"}],"inLanguage":"sv-SE"}]}},"_links":{"self":[{"href":"https:\/\/anabolaandrogenasteroider.com\/index.php\/wp-json\/wp\/v2\/pages\/2"}],"collection":[{"href":"https:\/\/anabolaandrogenasteroider.com\/index.php\/wp-json\/wp\/v2\/pages"}],"about":[{"href":"https:\/\/anabolaandrogenasteroider.com\/index.php\/wp-json\/wp\/v2\/types\/page"}],"author":[{"embeddable":true,"href":"https:\/\/anabolaandrogenasteroider.com\/index.php\/wp-json\/wp\/v2\/users\/2"}],"replies":[{"embeddable":true,"href":"https:\/\/anabolaandrogenasteroider.com\/index.php\/wp-json\/wp\/v2\/comments?post=2"}],"version-history":[{"count":4,"href":"https:\/\/anabolaandrogenasteroider.com\/index.php\/wp-json\/wp\/v2\/pages\/2\/revisions"}],"predecessor-version":[{"id":22,"href":"https:\/\/anabolaandrogenasteroider.com\/index.php\/wp-json\/wp\/v2\/pages\/2\/revisions\/22"}],"wp:featuredmedia":[{"embeddable":true,"href":"https:\/\/anabolaandrogenasteroider.com\/index.php\/wp-json\/wp\/v2\/media\/9"}],"wp:attachment":[{"href":"https:\/\/anabolaandrogenasteroider.com\/index.php\/wp-json\/wp\/v2\/media?parent=2"}],"curies":[{"name":"wp","href":"https:\/\/api.w.org\/{rel}","templated":true}]}}