{"id":27,"date":"2023-12-17T10:17:59","date_gmt":"2023-12-17T10:17:59","guid":{"rendered":"https:\/\/anabolaandrogenasteroider.com\/?page_id=27"},"modified":"2023-12-17T10:21:52","modified_gmt":"2023-12-17T10:21:52","slug":"melanotan-2","status":"publish","type":"page","link":"https:\/\/anabolaandrogenasteroider.com\/index.php\/melanotan-2\/","title":{"rendered":"Melanotan 2"},"content":{"rendered":"\n<p>Melanotan 2 g\u00f6r att du blir brunare \u00e4n vanligt n\u00e4r du \u00e4r i solen. Andra f\u00f6rdelar \u00e4r att du blir brunare \u00e4n normalt utan att du br\u00e4nner huden. <a href=\"https:\/\/anabolasteroider.net\/shop\/alla-produkter\/melanotan-2-10mg\/\" target=\"_blank\" rel=\"noreferrer noopener\">Melanotan<\/a> kallas ofta f\u00f6r barbiedrogen, och ibland mello. Vanliga biverkningar \u00e4r \u00f6kad sexlust och minskat fett p\u00e5 kroppen. <\/p>\n\n\n\n<p><a href=\"https:\/\/anabolasteroider.net\/\" target=\"_blank\" rel=\"noreferrer noopener\">Anabolasteroider.net<\/a> \u00e4r en Svensk hemsida som s\u00e4ljer Melanotan 2. <a href=\"https:\/\/anabolasteroider.net\/shop\/alla-produkter\/melanotan-2-10mg\/\" target=\"_blank\" rel=\"noreferrer noopener\">Du hittar deras hemsida genom att klicka h\u00e4r.<\/a><\/p>\n\n\n\n<hr class=\"wp-block-separator has-alpha-channel-opacity is-style-wide\"\/>\n\n\n\n<div class=\"wp-block-media-text alignwide is-stacked-on-mobile\"><figure class=\"wp-block-media-text__media\"><img decoding=\"async\" loading=\"lazy\" width=\"716\" height=\"392\" src=\"http:\/\/anabolaandrogenasteroider.com\/wp-content\/uploads\/2023\/12\/Melanotan_2.png\" alt=\"melanotan_2\" class=\"wp-image-28 size-full\" srcset=\"https:\/\/anabolaandrogenasteroider.com\/wp-content\/uploads\/2023\/12\/Melanotan_2.png 716w, https:\/\/anabolaandrogenasteroider.com\/wp-content\/uploads\/2023\/12\/Melanotan_2-300x164.png 300w, https:\/\/anabolaandrogenasteroider.com\/wp-content\/uploads\/2023\/12\/Melanotan_2-230x126.png 230w, https:\/\/anabolaandrogenasteroider.com\/wp-content\/uploads\/2023\/12\/Melanotan_2-350x192.png 350w, https:\/\/anabolaandrogenasteroider.com\/wp-content\/uploads\/2023\/12\/Melanotan_2-480x263.png 480w\" sizes=\"(max-width: 716px) 100vw, 716px\" \/><\/figure><div class=\"wp-block-media-text__content\">\n<p><strong>Texten \u00e4r h\u00e4mtad fr\u00e5n Anabolasteroider.net<\/strong><\/p>\n\n\n\n<p>Melanotan 2 g\u00f6r att du blir brunare \u00e4n naturligt n\u00e4r du solar utan att du br\u00e4nner huden. Melanotan kallas ofta Mello eller barbiedrogen. Flera f\u00e5r \u00f6kad sexlust och mindre kropssfett. Varje Vial \u00e4r p\u00e5 10mg och levereras med sterilt vatten och 2st insulinsprutor. <a href=\"https:\/\/anabolasteroider.net\/melanotan-2\/\">Du hittar v\u00e5r FaQ genom att klicka h\u00e4r.<\/a><\/p>\n<\/div><\/div>\n","protected":false},"excerpt":{"rendered":"<p>Melanotan 2 g\u00f6r att du blir brunare \u00e4n vanligt n\u00e4r du \u00e4r i solen. Andra f\u00f6rdelar \u00e4r att du blir brunare \u00e4n [&hellip;]<\/p>\n","protected":false},"author":2,"featured_media":28,"parent":0,"menu_order":0,"comment_status":"closed","ping_status":"closed","template":"","meta":[],"yoast_head":"<!-- This site is optimized with the Yoast SEO plugin v20.1 - https:\/\/yoast.com\/wordpress\/plugins\/seo\/ -->\n<title>Melanotan 2 - anabolaandrogenasteroider.com<\/title>\n<meta name=\"description\" content=\"Melanotan 2 g\u00f6r att du blir brunare \u00e4n vanligt n\u00e4r du \u00e4r i solen. Andra f\u00f6rdelar \u00e4r att du blir brunare \u00e4n normalt utan att du br\u00e4nner huden.\" \/>\n<meta name=\"robots\" content=\"index, follow, max-snippet:-1, max-image-preview:large, max-video-preview:-1\" \/>\n<link rel=\"canonical\" href=\"https:\/\/anabolaandrogenasteroider.com\/index.php\/melanotan-2\/\" \/>\n<meta property=\"og:locale\" content=\"sv_SE\" \/>\n<meta property=\"og:type\" content=\"article\" \/>\n<meta property=\"og:title\" content=\"Melanotan 2 - anabolaandrogenasteroider.com\" \/>\n<meta property=\"og:description\" content=\"Melanotan 2 g\u00f6r att du blir brunare \u00e4n vanligt n\u00e4r du \u00e4r i solen. Andra f\u00f6rdelar \u00e4r att du blir brunare \u00e4n normalt utan att du br\u00e4nner huden.\" \/>\n<meta property=\"og:url\" content=\"https:\/\/anabolaandrogenasteroider.com\/index.php\/melanotan-2\/\" \/>\n<meta property=\"og:site_name\" content=\"anabolaandrogenasteroider.com\" \/>\n<meta property=\"article:modified_time\" content=\"2023-12-17T10:21:52+00:00\" \/>\n<meta property=\"og:image\" content=\"http:\/\/anabolaandrogenasteroider.com\/wp-content\/uploads\/2023\/12\/Melanotan_2.png\" \/>\n\t<meta property=\"og:image:width\" content=\"716\" \/>\n\t<meta property=\"og:image:height\" content=\"392\" \/>\n\t<meta property=\"og:image:type\" content=\"image\/png\" \/>\n<meta name=\"twitter:card\" content=\"summary_large_image\" \/>\n<meta name=\"twitter:label1\" content=\"Ber\u00e4knad l\u00e4stid\" \/>\n\t<meta name=\"twitter:data1\" content=\"1 minut\" \/>\n<script type=\"application\/ld+json\" class=\"yoast-schema-graph\">{\"@context\":\"https:\/\/schema.org\",\"@graph\":[{\"@type\":\"WebPage\",\"@id\":\"https:\/\/anabolaandrogenasteroider.com\/index.php\/melanotan-2\/\",\"url\":\"https:\/\/anabolaandrogenasteroider.com\/index.php\/melanotan-2\/\",\"name\":\"Melanotan 2 - anabolaandrogenasteroider.com\",\"isPartOf\":{\"@id\":\"https:\/\/anabolaandrogenasteroider.com\/#website\"},\"datePublished\":\"2023-12-17T10:17:59+00:00\",\"dateModified\":\"2023-12-17T10:21:52+00:00\",\"description\":\"Melanotan 2 g\u00f6r att du blir brunare \u00e4n vanligt n\u00e4r du \u00e4r i solen. Andra f\u00f6rdelar \u00e4r att du blir brunare \u00e4n normalt utan att du br\u00e4nner huden.\",\"breadcrumb\":{\"@id\":\"https:\/\/anabolaandrogenasteroider.com\/index.php\/melanotan-2\/#breadcrumb\"},\"inLanguage\":\"sv-SE\",\"potentialAction\":[{\"@type\":\"ReadAction\",\"target\":[\"https:\/\/anabolaandrogenasteroider.com\/index.php\/melanotan-2\/\"]}]},{\"@type\":\"BreadcrumbList\",\"@id\":\"https:\/\/anabolaandrogenasteroider.com\/index.php\/melanotan-2\/#breadcrumb\",\"itemListElement\":[{\"@type\":\"ListItem\",\"position\":1,\"name\":\"Hem\",\"item\":\"https:\/\/anabolaandrogenasteroider.com\/\"},{\"@type\":\"ListItem\",\"position\":2,\"name\":\"Melanotan 2\"}]},{\"@type\":\"WebSite\",\"@id\":\"https:\/\/anabolaandrogenasteroider.com\/#website\",\"url\":\"https:\/\/anabolaandrogenasteroider.com\/\",\"name\":\"anabolaandrogenasteroider.com\",\"description\":\"\",\"potentialAction\":[{\"@type\":\"SearchAction\",\"target\":{\"@type\":\"EntryPoint\",\"urlTemplate\":\"https:\/\/anabolaandrogenasteroider.com\/?s={search_term_string}\"},\"query-input\":\"required name=search_term_string\"}],\"inLanguage\":\"sv-SE\"}]}<\/script>\n<!-- \/ Yoast SEO plugin. -->","yoast_head_json":{"title":"Melanotan 2 - anabolaandrogenasteroider.com","description":"Melanotan 2 g\u00f6r att du blir brunare \u00e4n vanligt n\u00e4r du \u00e4r i solen. Andra f\u00f6rdelar \u00e4r att du blir brunare \u00e4n normalt utan att du br\u00e4nner huden.","robots":{"index":"index","follow":"follow","max-snippet":"max-snippet:-1","max-image-preview":"max-image-preview:large","max-video-preview":"max-video-preview:-1"},"canonical":"https:\/\/anabolaandrogenasteroider.com\/index.php\/melanotan-2\/","og_locale":"sv_SE","og_type":"article","og_title":"Melanotan 2 - anabolaandrogenasteroider.com","og_description":"Melanotan 2 g\u00f6r att du blir brunare \u00e4n vanligt n\u00e4r du \u00e4r i solen. Andra f\u00f6rdelar \u00e4r att du blir brunare \u00e4n normalt utan att du br\u00e4nner huden.","og_url":"https:\/\/anabolaandrogenasteroider.com\/index.php\/melanotan-2\/","og_site_name":"anabolaandrogenasteroider.com","article_modified_time":"2023-12-17T10:21:52+00:00","og_image":[{"width":716,"height":392,"url":"http:\/\/anabolaandrogenasteroider.com\/wp-content\/uploads\/2023\/12\/Melanotan_2.png","type":"image\/png"}],"twitter_card":"summary_large_image","twitter_misc":{"Ber\u00e4knad l\u00e4stid":"1 minut"},"schema":{"@context":"https:\/\/schema.org","@graph":[{"@type":"WebPage","@id":"https:\/\/anabolaandrogenasteroider.com\/index.php\/melanotan-2\/","url":"https:\/\/anabolaandrogenasteroider.com\/index.php\/melanotan-2\/","name":"Melanotan 2 - anabolaandrogenasteroider.com","isPartOf":{"@id":"https:\/\/anabolaandrogenasteroider.com\/#website"},"datePublished":"2023-12-17T10:17:59+00:00","dateModified":"2023-12-17T10:21:52+00:00","description":"Melanotan 2 g\u00f6r att du blir brunare \u00e4n vanligt n\u00e4r du \u00e4r i solen. Andra f\u00f6rdelar \u00e4r att du blir brunare \u00e4n normalt utan att du br\u00e4nner huden.","breadcrumb":{"@id":"https:\/\/anabolaandrogenasteroider.com\/index.php\/melanotan-2\/#breadcrumb"},"inLanguage":"sv-SE","potentialAction":[{"@type":"ReadAction","target":["https:\/\/anabolaandrogenasteroider.com\/index.php\/melanotan-2\/"]}]},{"@type":"BreadcrumbList","@id":"https:\/\/anabolaandrogenasteroider.com\/index.php\/melanotan-2\/#breadcrumb","itemListElement":[{"@type":"ListItem","position":1,"name":"Hem","item":"https:\/\/anabolaandrogenasteroider.com\/"},{"@type":"ListItem","position":2,"name":"Melanotan 2"}]},{"@type":"WebSite","@id":"https:\/\/anabolaandrogenasteroider.com\/#website","url":"https:\/\/anabolaandrogenasteroider.com\/","name":"anabolaandrogenasteroider.com","description":"","potentialAction":[{"@type":"SearchAction","target":{"@type":"EntryPoint","urlTemplate":"https:\/\/anabolaandrogenasteroider.com\/?s={search_term_string}"},"query-input":"required name=search_term_string"}],"inLanguage":"sv-SE"}]}},"_links":{"self":[{"href":"https:\/\/anabolaandrogenasteroider.com\/index.php\/wp-json\/wp\/v2\/pages\/27"}],"collection":[{"href":"https:\/\/anabolaandrogenasteroider.com\/index.php\/wp-json\/wp\/v2\/pages"}],"about":[{"href":"https:\/\/anabolaandrogenasteroider.com\/index.php\/wp-json\/wp\/v2\/types\/page"}],"author":[{"embeddable":true,"href":"https:\/\/anabolaandrogenasteroider.com\/index.php\/wp-json\/wp\/v2\/users\/2"}],"replies":[{"embeddable":true,"href":"https:\/\/anabolaandrogenasteroider.com\/index.php\/wp-json\/wp\/v2\/comments?post=27"}],"version-history":[{"count":7,"href":"https:\/\/anabolaandrogenasteroider.com\/index.php\/wp-json\/wp\/v2\/pages\/27\/revisions"}],"predecessor-version":[{"id":37,"href":"https:\/\/anabolaandrogenasteroider.com\/index.php\/wp-json\/wp\/v2\/pages\/27\/revisions\/37"}],"wp:featuredmedia":[{"embeddable":true,"href":"https:\/\/anabolaandrogenasteroider.com\/index.php\/wp-json\/wp\/v2\/media\/28"}],"wp:attachment":[{"href":"https:\/\/anabolaandrogenasteroider.com\/index.php\/wp-json\/wp\/v2\/media?parent=27"}],"curies":[{"name":"wp","href":"https:\/\/api.w.org\/{rel}","templated":true}]}}