{"id":38,"date":"2023-12-17T10:27:53","date_gmt":"2023-12-17T10:27:53","guid":{"rendered":"https:\/\/anabolaandrogenasteroider.com\/?page_id=38"},"modified":"2023-12-17T10:28:27","modified_gmt":"2023-12-17T10:28:27","slug":"ozempic-semaglutid","status":"publish","type":"page","link":"https:\/\/anabolaandrogenasteroider.com\/index.php\/ozempic-semaglutid\/","title":{"rendered":"Ozempic Semaglutid"},"content":{"rendered":"\n<p>Ozempic (Semaglutid) \u00e4r ett av V\u00e4rldens mest k\u00e4nda viktminskningsmedel som fungerar utan att du tr\u00e4nar. <\/p>\n\n\n\n<h3>Texten nedan \u00e4r h\u00e4mtad fr\u00e5n Anabolasteroider.net<\/h3>\n\n\n\n<p>Semaglutid, \u00e4ven k\u00e4nt som Ozempic, \u00e4r en grupp l\u00e4kemedel som kallas GLP-1-receptor agonister. Semaglutid anv\u00e4nds f\u00f6r behandling av typ 2-diabetes, men det kan ocks\u00e5 <a href=\"https:\/\/anabolasteroider.net\/shop\/alla-produkter\/alla-produkter-viktminskning\/semaglutide-5mg\/\" target=\"_blank\" rel=\"noreferrer noopener\">anv\u00e4ndas f\u00f6r viktnedg\u00e5ng<\/a>.<\/p>\n\n\n\n<h2>Hur fungerar Ozempic Semaglutid?<\/h2>\n\n\n\n<p><a href=\"https:\/\/anabolasteroider.net\/shop\/alla-produkter\/alla-produkter-viktminskning\/semaglutide-5mg\/\" target=\"_blank\" rel=\"noreferrer noopener\">Ozempic Semaglutid<\/a> fungerar genom att efterlikna hormonet GLP-1 (glukagon liknande peptid-1). Semaglutid stimulerar insulinfris\u00e4ttning, minskar glukagonfris\u00e4ttning och \u00f6kar m\u00e4ttnadsk\u00e4nslan. Detta hj\u00e4lper till att reglera blodsockerniv\u00e5erna och minskar aptiten, vilket i sin tur leder till viktnedg\u00e5ng.<\/p>\n\n\n\n<p>En artikel i SvD om Semaglutid Ozempic.\u00a0<a href=\"https:\/\/www.svd.se\/a\/O8OKRq\/traningspiller-pa-vag-kan-det-ersatta-fysisk-aktivitet\" target=\"_blank\" rel=\"noreferrer noopener\">L\u00e4s artikeln h\u00e4r<\/a>, \u00f6ppnas i nytt f\u00f6nster.<\/p>\n\n\n\n<p>L\u00e4s mer och k\u00f6p <a href=\"https:\/\/anabolasteroider.net\/shop\/alla-produkter\/alla-produkter-viktminskning\/semaglutide-5mg\/\" target=\"_blank\" rel=\"noreferrer noopener\">Ozempic<\/a> (<a href=\"https:\/\/anabolasteroider.net\/shop\/alla-produkter\/alla-produkter-viktminskning\/semaglutide-5mg\/\" target=\"_blank\" rel=\"noreferrer noopener\">Semaglutid<\/a>) p\u00e5 <a href=\"https:\/\/anabolasteroider.net\/\" target=\"_blank\" rel=\"noreferrer noopener\">Anabolasteroider.net<\/a> <\/p>\n\n\n\n<hr class=\"wp-block-separator has-alpha-channel-opacity is-style-wide\"\/>\n\n\n\n<div class=\"wp-block-media-text alignwide is-stacked-on-mobile\"><figure class=\"wp-block-media-text__media\"><img decoding=\"async\" loading=\"lazy\" width=\"718\" height=\"398\" src=\"https:\/\/anabolaandrogenasteroider.com\/wp-content\/uploads\/2023\/12\/Semaglutid_5mg.png\" alt=\"\" class=\"wp-image-39 size-full\" srcset=\"https:\/\/anabolaandrogenasteroider.com\/wp-content\/uploads\/2023\/12\/Semaglutid_5mg.png 718w, https:\/\/anabolaandrogenasteroider.com\/wp-content\/uploads\/2023\/12\/Semaglutid_5mg-300x166.png 300w, https:\/\/anabolaandrogenasteroider.com\/wp-content\/uploads\/2023\/12\/Semaglutid_5mg-230x127.png 230w, https:\/\/anabolaandrogenasteroider.com\/wp-content\/uploads\/2023\/12\/Semaglutid_5mg-350x194.png 350w, https:\/\/anabolaandrogenasteroider.com\/wp-content\/uploads\/2023\/12\/Semaglutid_5mg-480x266.png 480w\" sizes=\"(max-width: 718px) 100vw, 718px\" \/><\/figure><div class=\"wp-block-media-text__content\">\n<p><strong>Ozempic Semaglutid<\/strong><\/p>\n\n\n\n<p>Semaglutid 5mg \u00e4r ett av V\u00e4rldens b\u00e4sta viktminskningsmedel, nu helt receptfritt i Sverige. Alla v\u00e5ra generiska l\u00e4kemedel \u00e4r labbtestade. Hos oss kan du enkelt betala med Visa, Mastercard eller klassiska BTC.<\/p>\n\n\n\n<p><a href=\"https:\/\/anabolasteroider.net\/shop\/alla-produkter\/alla-produkter-viktminskning\/semaglutide-5mg\/\" target=\"_blank\" rel=\"noreferrer noopener\">L\u00e4s mer om Ozempic Semaglutid h\u00e4r.<\/a><\/p>\n<\/div><\/div>\n","protected":false},"excerpt":{"rendered":"<p>Ozempic (Semaglutid) \u00e4r ett av V\u00e4rldens mest k\u00e4nda viktminskningsmedel som fungerar utan att du tr\u00e4nar. Texten nedan \u00e4r h\u00e4mtad fr\u00e5n Anabolasteroider.net Semaglutid, [&hellip;]<\/p>\n","protected":false},"author":2,"featured_media":0,"parent":0,"menu_order":0,"comment_status":"closed","ping_status":"closed","template":"","meta":[],"yoast_head":"<!-- This site is optimized with the Yoast SEO plugin v20.1 - https:\/\/yoast.com\/wordpress\/plugins\/seo\/ -->\n<title>Ozempic Semaglutid - anabolaandrogenasteroider.com<\/title>\n<meta name=\"robots\" content=\"index, follow, max-snippet:-1, max-image-preview:large, max-video-preview:-1\" \/>\n<link rel=\"canonical\" href=\"https:\/\/anabolaandrogenasteroider.com\/index.php\/ozempic-semaglutid\/\" \/>\n<meta property=\"og:locale\" content=\"sv_SE\" \/>\n<meta property=\"og:type\" content=\"article\" \/>\n<meta property=\"og:title\" content=\"Ozempic Semaglutid - anabolaandrogenasteroider.com\" \/>\n<meta property=\"og:description\" content=\"Ozempic (Semaglutid) \u00e4r ett av V\u00e4rldens mest k\u00e4nda viktminskningsmedel som fungerar utan att du tr\u00e4nar. Texten nedan \u00e4r h\u00e4mtad fr\u00e5n Anabolasteroider.net Semaglutid, [&hellip;]\" \/>\n<meta property=\"og:url\" content=\"https:\/\/anabolaandrogenasteroider.com\/index.php\/ozempic-semaglutid\/\" \/>\n<meta property=\"og:site_name\" content=\"anabolaandrogenasteroider.com\" \/>\n<meta property=\"article:modified_time\" content=\"2023-12-17T10:28:27+00:00\" \/>\n<meta property=\"og:image\" content=\"https:\/\/anabolaandrogenasteroider.com\/wp-content\/uploads\/2023\/12\/Semaglutid_5mg.png\" \/>\n<meta name=\"twitter:card\" content=\"summary_large_image\" \/>\n<meta name=\"twitter:label1\" content=\"Ber\u00e4knad l\u00e4stid\" \/>\n\t<meta name=\"twitter:data1\" content=\"1 minut\" \/>\n<script type=\"application\/ld+json\" class=\"yoast-schema-graph\">{\"@context\":\"https:\/\/schema.org\",\"@graph\":[{\"@type\":\"WebPage\",\"@id\":\"https:\/\/anabolaandrogenasteroider.com\/index.php\/ozempic-semaglutid\/\",\"url\":\"https:\/\/anabolaandrogenasteroider.com\/index.php\/ozempic-semaglutid\/\",\"name\":\"Ozempic Semaglutid - anabolaandrogenasteroider.com\",\"isPartOf\":{\"@id\":\"https:\/\/anabolaandrogenasteroider.com\/#website\"},\"datePublished\":\"2023-12-17T10:27:53+00:00\",\"dateModified\":\"2023-12-17T10:28:27+00:00\",\"breadcrumb\":{\"@id\":\"https:\/\/anabolaandrogenasteroider.com\/index.php\/ozempic-semaglutid\/#breadcrumb\"},\"inLanguage\":\"sv-SE\",\"potentialAction\":[{\"@type\":\"ReadAction\",\"target\":[\"https:\/\/anabolaandrogenasteroider.com\/index.php\/ozempic-semaglutid\/\"]}]},{\"@type\":\"BreadcrumbList\",\"@id\":\"https:\/\/anabolaandrogenasteroider.com\/index.php\/ozempic-semaglutid\/#breadcrumb\",\"itemListElement\":[{\"@type\":\"ListItem\",\"position\":1,\"name\":\"Hem\",\"item\":\"https:\/\/anabolaandrogenasteroider.com\/\"},{\"@type\":\"ListItem\",\"position\":2,\"name\":\"Ozempic Semaglutid\"}]},{\"@type\":\"WebSite\",\"@id\":\"https:\/\/anabolaandrogenasteroider.com\/#website\",\"url\":\"https:\/\/anabolaandrogenasteroider.com\/\",\"name\":\"anabolaandrogenasteroider.com\",\"description\":\"\",\"potentialAction\":[{\"@type\":\"SearchAction\",\"target\":{\"@type\":\"EntryPoint\",\"urlTemplate\":\"https:\/\/anabolaandrogenasteroider.com\/?s={search_term_string}\"},\"query-input\":\"required name=search_term_string\"}],\"inLanguage\":\"sv-SE\"}]}<\/script>\n<!-- \/ Yoast SEO plugin. -->","yoast_head_json":{"title":"Ozempic Semaglutid - anabolaandrogenasteroider.com","robots":{"index":"index","follow":"follow","max-snippet":"max-snippet:-1","max-image-preview":"max-image-preview:large","max-video-preview":"max-video-preview:-1"},"canonical":"https:\/\/anabolaandrogenasteroider.com\/index.php\/ozempic-semaglutid\/","og_locale":"sv_SE","og_type":"article","og_title":"Ozempic Semaglutid - anabolaandrogenasteroider.com","og_description":"Ozempic (Semaglutid) \u00e4r ett av V\u00e4rldens mest k\u00e4nda viktminskningsmedel som fungerar utan att du tr\u00e4nar. Texten nedan \u00e4r h\u00e4mtad fr\u00e5n Anabolasteroider.net Semaglutid, [&hellip;]","og_url":"https:\/\/anabolaandrogenasteroider.com\/index.php\/ozempic-semaglutid\/","og_site_name":"anabolaandrogenasteroider.com","article_modified_time":"2023-12-17T10:28:27+00:00","og_image":[{"url":"https:\/\/anabolaandrogenasteroider.com\/wp-content\/uploads\/2023\/12\/Semaglutid_5mg.png"}],"twitter_card":"summary_large_image","twitter_misc":{"Ber\u00e4knad l\u00e4stid":"1 minut"},"schema":{"@context":"https:\/\/schema.org","@graph":[{"@type":"WebPage","@id":"https:\/\/anabolaandrogenasteroider.com\/index.php\/ozempic-semaglutid\/","url":"https:\/\/anabolaandrogenasteroider.com\/index.php\/ozempic-semaglutid\/","name":"Ozempic Semaglutid - anabolaandrogenasteroider.com","isPartOf":{"@id":"https:\/\/anabolaandrogenasteroider.com\/#website"},"datePublished":"2023-12-17T10:27:53+00:00","dateModified":"2023-12-17T10:28:27+00:00","breadcrumb":{"@id":"https:\/\/anabolaandrogenasteroider.com\/index.php\/ozempic-semaglutid\/#breadcrumb"},"inLanguage":"sv-SE","potentialAction":[{"@type":"ReadAction","target":["https:\/\/anabolaandrogenasteroider.com\/index.php\/ozempic-semaglutid\/"]}]},{"@type":"BreadcrumbList","@id":"https:\/\/anabolaandrogenasteroider.com\/index.php\/ozempic-semaglutid\/#breadcrumb","itemListElement":[{"@type":"ListItem","position":1,"name":"Hem","item":"https:\/\/anabolaandrogenasteroider.com\/"},{"@type":"ListItem","position":2,"name":"Ozempic Semaglutid"}]},{"@type":"WebSite","@id":"https:\/\/anabolaandrogenasteroider.com\/#website","url":"https:\/\/anabolaandrogenasteroider.com\/","name":"anabolaandrogenasteroider.com","description":"","potentialAction":[{"@type":"SearchAction","target":{"@type":"EntryPoint","urlTemplate":"https:\/\/anabolaandrogenasteroider.com\/?s={search_term_string}"},"query-input":"required name=search_term_string"}],"inLanguage":"sv-SE"}]}},"_links":{"self":[{"href":"https:\/\/anabolaandrogenasteroider.com\/index.php\/wp-json\/wp\/v2\/pages\/38"}],"collection":[{"href":"https:\/\/anabolaandrogenasteroider.com\/index.php\/wp-json\/wp\/v2\/pages"}],"about":[{"href":"https:\/\/anabolaandrogenasteroider.com\/index.php\/wp-json\/wp\/v2\/types\/page"}],"author":[{"embeddable":true,"href":"https:\/\/anabolaandrogenasteroider.com\/index.php\/wp-json\/wp\/v2\/users\/2"}],"replies":[{"embeddable":true,"href":"https:\/\/anabolaandrogenasteroider.com\/index.php\/wp-json\/wp\/v2\/comments?post=38"}],"version-history":[{"count":3,"href":"https:\/\/anabolaandrogenasteroider.com\/index.php\/wp-json\/wp\/v2\/pages\/38\/revisions"}],"predecessor-version":[{"id":44,"href":"https:\/\/anabolaandrogenasteroider.com\/index.php\/wp-json\/wp\/v2\/pages\/38\/revisions\/44"}],"wp:attachment":[{"href":"https:\/\/anabolaandrogenasteroider.com\/index.php\/wp-json\/wp\/v2\/media?parent=38"}],"curies":[{"name":"wp","href":"https:\/\/api.w.org\/{rel}","templated":true}]}}