{"id":6,"date":"2023-02-27T18:22:39","date_gmt":"2023-02-27T18:22:39","guid":{"rendered":"https:\/\/anabolaandrogenasteroider.com\/?page_id=6"},"modified":"2023-02-27T18:32:34","modified_gmt":"2023-02-27T18:32:34","slug":"historien-om-steroider","status":"publish","type":"page","link":"https:\/\/anabolaandrogenasteroider.com\/index.php\/historien-om-steroider\/","title":{"rendered":"Historien om steroider"},"content":{"rendered":"\n<p>F\u00f6r att sp\u00e5ra historien och utvecklingen av <a href=\"https:\/\/anabolasteroider.net\/\">anabola steroider<\/a> fr\u00e5n deras b\u00f6rjan tills idag, m\u00e5ste vi f\u00f6rst blicka tillbaka mot antiken, d\u00e5 det var k\u00e4nt att testiklarna var n\u00f6dv\u00e4ndiga f\u00f6r b\u00e5de utveckling och underh\u00e5ll av manliga sexuella egenskaper.<\/p>\n\n\n\n<h2>Det som g\u00f6r m\u00e4n till m\u00e4n<\/h2>\n\n\n\n<p>I moderniteten utvecklades detta koncept ytterligare, av en vetenskapsman vid namn Berthold och hans experiment p\u00e5 tuppar utf\u00f6rda 1849. Han tog bort testiklarna fr\u00e5n dessa f\u00e5glar, och de f\u00f6rlorade flera av de egenskaper som \u00e4r vanliga f\u00f6r hanen, inklusive den sexuella funktionen. S\u00e5 vi visste s\u00e5 tidigt som 1849 att testiklarna fungerade som bas f\u00f6r att fr\u00e4mja vad vi anser vara manliga sexuella egenskaper; med andra ord, det som &#8221;g\u00f6r m\u00e4n till m\u00e4n&#8221;. Berthold fann ocks\u00e5 att om testiklarna togs bort och sedan transplanterades till buken, var f\u00e5glarnas sexuella funktion i stort sett op\u00e5verkad.<\/p>\n\n\n\n<h3>Testiklarna verkar p\u00e5 blodet<\/h3>\n\n\n\n<p>N\u00e4r f\u00e5glarna dissekerades fann man att inga nervf\u00f6rbindelser bildades, utan en enormt omfattande serie av kapill\u00e4riseringar \u00e4gde rum. Detta gav starka bevis f\u00f6r att &#8221;testiklarna verkar p\u00e5 blodet&#8221; och han drog vidare slutsatsen att blodet d\u00e5 hade en systemisk effekt p\u00e5 hela organismen. Anabola steroiders historia kan d\u00e4rf\u00f6r verkligen s\u00e4gas ha tagit sitt f\u00f6rsta steg med denna enkla serie av experiment.<\/p>\n\n\n\n<h3>F\u00f6rs\u00f6kte g\u00f6ra ett extrakt fr\u00e5n tjurens testiklar<\/h3>\n\n\n\n<p>Senare \u00e5r 1929 f\u00f6rs\u00f6kte man g\u00f6ra ett extrakt med potent extrakt fr\u00e5n tjurens testiklar, och 1935 skapades en mer renad form av detta extrakt. Ett \u00e5r senare syntetiserade en vetenskapsman vid namn Ruzicka denna formel, <a href=\"https:\/\/anabolasteroider.net\/shop\/testosterone\/testosterone-cypionate-2000mg\/\">testosteron<\/a>, fr\u00e5n kolesterolett, liksom tv\u00e5 andra vetenskapsm\u00e4n, Butenandt och Hanisch. Testosteron var naturligtvis den f\u00f6rsta anabola steroiden som n\u00e5gonsin skapats, och f\u00f6rblir grunden f\u00f6r alla andra h\u00e4rledningar som vi f\u00f6r n\u00e4rvarande anv\u00e4nder som steroider idag. Testosteron anv\u00e4ndes sedan 1936, i ett experiment som visade att kv\u00e4veuts\u00f6ndringen av den kastrerade hunden kunde \u00f6kas genom att ge hunden extra testosteron, och detta skulle \u00f6ka dess kroppsvikt.<\/p>\n\n\n\n<h3>Experiment visade att testosteron var en potent anabol substans<\/h3>\n\n\n\n<p>Kort efter denna tid ryktades att nazisterna hade gett sina soldater anabola steroider, men det ryktet verkar i stort sett vara odokumenterat. Senare genomf\u00f6rdes ytterligare experiment p\u00e5 m\u00e4n som naturligtvis visade att testosteron var en potent anabol substans hos m\u00e4nniskor. Senare, mellan \u00e5ren 1948 och 1954, hade l\u00e4kemedelsf\u00f6retagen Searle och Ciba experimenterat med att syntetisera \u00f6ver tusen olika testosteronderivat. Detta f\u00e5r s\u00e4gas vara historien om steroider.<\/p>\n","protected":false},"excerpt":{"rendered":"<p>F\u00f6r att sp\u00e5ra historien och utvecklingen av anabola steroider fr\u00e5n deras b\u00f6rjan tills idag, m\u00e5ste vi f\u00f6rst blicka tillbaka mot antiken, d\u00e5 [&hellip;]<\/p>\n","protected":false},"author":2,"featured_media":15,"parent":0,"menu_order":0,"comment_status":"closed","ping_status":"closed","template":"","meta":[],"yoast_head":"<!-- This site is optimized with the Yoast SEO plugin v20.1 - https:\/\/yoast.com\/wordpress\/plugins\/seo\/ -->\n<title>Historien om steroider - anabolaandrogenasteroider.com<\/title>\n<meta name=\"description\" content=\"Historien om steroider. D\u00e5 det var k\u00e4nt att testiklarna var n\u00f6dv\u00e4ndiga f\u00f6r b\u00e5de utveckling och underh\u00e5ll av manliga sexuella egenskaper...\" \/>\n<meta name=\"robots\" content=\"index, follow, max-snippet:-1, max-image-preview:large, max-video-preview:-1\" \/>\n<link rel=\"canonical\" href=\"https:\/\/anabolaandrogenasteroider.com\/index.php\/historien-om-steroider\/\" \/>\n<meta property=\"og:locale\" content=\"sv_SE\" \/>\n<meta property=\"og:type\" content=\"article\" \/>\n<meta property=\"og:title\" content=\"Historien om steroider - anabolaandrogenasteroider.com\" \/>\n<meta property=\"og:description\" content=\"Historien om steroider. D\u00e5 det var k\u00e4nt att testiklarna var n\u00f6dv\u00e4ndiga f\u00f6r b\u00e5de utveckling och underh\u00e5ll av manliga sexuella egenskaper...\" \/>\n<meta property=\"og:url\" content=\"https:\/\/anabolaandrogenasteroider.com\/index.php\/historien-om-steroider\/\" \/>\n<meta property=\"og:site_name\" content=\"anabolaandrogenasteroider.com\" \/>\n<meta property=\"article:modified_time\" content=\"2023-02-27T18:32:34+00:00\" \/>\n<meta property=\"og:image\" content=\"http:\/\/anabolaandrogenasteroider.com\/wp-content\/uploads\/2023\/02\/testosterone_cypionate_hog_dos_annons.jpg\" \/>\n\t<meta property=\"og:image:width\" content=\"800\" \/>\n\t<meta property=\"og:image:height\" content=\"800\" \/>\n\t<meta property=\"og:image:type\" content=\"image\/jpeg\" \/>\n<meta name=\"twitter:card\" content=\"summary_large_image\" \/>\n<meta name=\"twitter:label1\" content=\"Ber\u00e4knad l\u00e4stid\" \/>\n\t<meta name=\"twitter:data1\" content=\"2 minuter\" \/>\n<script type=\"application\/ld+json\" class=\"yoast-schema-graph\">{\"@context\":\"https:\/\/schema.org\",\"@graph\":[{\"@type\":\"WebPage\",\"@id\":\"https:\/\/anabolaandrogenasteroider.com\/index.php\/historien-om-steroider\/\",\"url\":\"https:\/\/anabolaandrogenasteroider.com\/index.php\/historien-om-steroider\/\",\"name\":\"Historien om steroider - anabolaandrogenasteroider.com\",\"isPartOf\":{\"@id\":\"https:\/\/anabolaandrogenasteroider.com\/#website\"},\"datePublished\":\"2023-02-27T18:22:39+00:00\",\"dateModified\":\"2023-02-27T18:32:34+00:00\",\"description\":\"Historien om steroider. D\u00e5 det var k\u00e4nt att testiklarna var n\u00f6dv\u00e4ndiga f\u00f6r b\u00e5de utveckling och underh\u00e5ll av manliga sexuella egenskaper...\",\"breadcrumb\":{\"@id\":\"https:\/\/anabolaandrogenasteroider.com\/index.php\/historien-om-steroider\/#breadcrumb\"},\"inLanguage\":\"sv-SE\",\"potentialAction\":[{\"@type\":\"ReadAction\",\"target\":[\"https:\/\/anabolaandrogenasteroider.com\/index.php\/historien-om-steroider\/\"]}]},{\"@type\":\"BreadcrumbList\",\"@id\":\"https:\/\/anabolaandrogenasteroider.com\/index.php\/historien-om-steroider\/#breadcrumb\",\"itemListElement\":[{\"@type\":\"ListItem\",\"position\":1,\"name\":\"Hem\",\"item\":\"https:\/\/anabolaandrogenasteroider.com\/\"},{\"@type\":\"ListItem\",\"position\":2,\"name\":\"Historien om steroider\"}]},{\"@type\":\"WebSite\",\"@id\":\"https:\/\/anabolaandrogenasteroider.com\/#website\",\"url\":\"https:\/\/anabolaandrogenasteroider.com\/\",\"name\":\"anabolaandrogenasteroider.com\",\"description\":\"\",\"potentialAction\":[{\"@type\":\"SearchAction\",\"target\":{\"@type\":\"EntryPoint\",\"urlTemplate\":\"https:\/\/anabolaandrogenasteroider.com\/?s={search_term_string}\"},\"query-input\":\"required name=search_term_string\"}],\"inLanguage\":\"sv-SE\"}]}<\/script>\n<!-- \/ Yoast SEO plugin. -->","yoast_head_json":{"title":"Historien om steroider - anabolaandrogenasteroider.com","description":"Historien om steroider. D\u00e5 det var k\u00e4nt att testiklarna var n\u00f6dv\u00e4ndiga f\u00f6r b\u00e5de utveckling och underh\u00e5ll av manliga sexuella egenskaper...","robots":{"index":"index","follow":"follow","max-snippet":"max-snippet:-1","max-image-preview":"max-image-preview:large","max-video-preview":"max-video-preview:-1"},"canonical":"https:\/\/anabolaandrogenasteroider.com\/index.php\/historien-om-steroider\/","og_locale":"sv_SE","og_type":"article","og_title":"Historien om steroider - anabolaandrogenasteroider.com","og_description":"Historien om steroider. D\u00e5 det var k\u00e4nt att testiklarna var n\u00f6dv\u00e4ndiga f\u00f6r b\u00e5de utveckling och underh\u00e5ll av manliga sexuella egenskaper...","og_url":"https:\/\/anabolaandrogenasteroider.com\/index.php\/historien-om-steroider\/","og_site_name":"anabolaandrogenasteroider.com","article_modified_time":"2023-02-27T18:32:34+00:00","og_image":[{"width":800,"height":800,"url":"http:\/\/anabolaandrogenasteroider.com\/wp-content\/uploads\/2023\/02\/testosterone_cypionate_hog_dos_annons.jpg","type":"image\/jpeg"}],"twitter_card":"summary_large_image","twitter_misc":{"Ber\u00e4knad l\u00e4stid":"2 minuter"},"schema":{"@context":"https:\/\/schema.org","@graph":[{"@type":"WebPage","@id":"https:\/\/anabolaandrogenasteroider.com\/index.php\/historien-om-steroider\/","url":"https:\/\/anabolaandrogenasteroider.com\/index.php\/historien-om-steroider\/","name":"Historien om steroider - anabolaandrogenasteroider.com","isPartOf":{"@id":"https:\/\/anabolaandrogenasteroider.com\/#website"},"datePublished":"2023-02-27T18:22:39+00:00","dateModified":"2023-02-27T18:32:34+00:00","description":"Historien om steroider. D\u00e5 det var k\u00e4nt att testiklarna var n\u00f6dv\u00e4ndiga f\u00f6r b\u00e5de utveckling och underh\u00e5ll av manliga sexuella egenskaper...","breadcrumb":{"@id":"https:\/\/anabolaandrogenasteroider.com\/index.php\/historien-om-steroider\/#breadcrumb"},"inLanguage":"sv-SE","potentialAction":[{"@type":"ReadAction","target":["https:\/\/anabolaandrogenasteroider.com\/index.php\/historien-om-steroider\/"]}]},{"@type":"BreadcrumbList","@id":"https:\/\/anabolaandrogenasteroider.com\/index.php\/historien-om-steroider\/#breadcrumb","itemListElement":[{"@type":"ListItem","position":1,"name":"Hem","item":"https:\/\/anabolaandrogenasteroider.com\/"},{"@type":"ListItem","position":2,"name":"Historien om steroider"}]},{"@type":"WebSite","@id":"https:\/\/anabolaandrogenasteroider.com\/#website","url":"https:\/\/anabolaandrogenasteroider.com\/","name":"anabolaandrogenasteroider.com","description":"","potentialAction":[{"@type":"SearchAction","target":{"@type":"EntryPoint","urlTemplate":"https:\/\/anabolaandrogenasteroider.com\/?s={search_term_string}"},"query-input":"required name=search_term_string"}],"inLanguage":"sv-SE"}]}},"_links":{"self":[{"href":"https:\/\/anabolaandrogenasteroider.com\/index.php\/wp-json\/wp\/v2\/pages\/6"}],"collection":[{"href":"https:\/\/anabolaandrogenasteroider.com\/index.php\/wp-json\/wp\/v2\/pages"}],"about":[{"href":"https:\/\/anabolaandrogenasteroider.com\/index.php\/wp-json\/wp\/v2\/types\/page"}],"author":[{"embeddable":true,"href":"https:\/\/anabolaandrogenasteroider.com\/index.php\/wp-json\/wp\/v2\/users\/2"}],"replies":[{"embeddable":true,"href":"https:\/\/anabolaandrogenasteroider.com\/index.php\/wp-json\/wp\/v2\/comments?post=6"}],"version-history":[{"count":3,"href":"https:\/\/anabolaandrogenasteroider.com\/index.php\/wp-json\/wp\/v2\/pages\/6\/revisions"}],"predecessor-version":[{"id":18,"href":"https:\/\/anabolaandrogenasteroider.com\/index.php\/wp-json\/wp\/v2\/pages\/6\/revisions\/18"}],"wp:featuredmedia":[{"embeddable":true,"href":"https:\/\/anabolaandrogenasteroider.com\/index.php\/wp-json\/wp\/v2\/media\/15"}],"wp:attachment":[{"href":"https:\/\/anabolaandrogenasteroider.com\/index.php\/wp-json\/wp\/v2\/media?parent=6"}],"curies":[{"name":"wp","href":"https:\/\/api.w.org\/{rel}","templated":true}]}}